{"id":1900,"date":"2023-06-02T14:18:13","date_gmt":"2023-06-02T14:18:13","guid":{"rendered":"https:\/\/deltasistemservice.com\/?page_id=1900"},"modified":"2023-06-14T20:25:54","modified_gmt":"2023-06-14T20:25:54","slug":"oferte","status":"publish","type":"page","link":"https:\/\/deltasistemservice.com\/?page_id=1900","title":{"rendered":"Oferte"},"content":{"rendered":"\t\t<div data-elementor-type=\"wp-page\" data-elementor-id=\"1900\" class=\"elementor elementor-1900\" wpc-filter-elementor-widget=\"1\">\n\t\t\t\t\t\t<section class=\"elementor-section elementor-top-section elementor-element elementor-element-6906b921 elementor-section-height-min-height elementor-section-content-middle elementor-section-boxed elementor-section-height-default elementor-section-items-middle elementor-invisible\" data-id=\"6906b921\" data-element_type=\"section\" data-e-type=\"section\" data-settings=\"{&quot;background_background&quot;:&quot;classic&quot;,&quot;animation&quot;:&quot;fadeIn&quot;}\">\n\t\t\t\t\t\t\t<div class=\"elementor-background-overlay\"><\/div>\n\t\t\t\t\t\t\t<div class=\"elementor-container elementor-column-gap-no\">\n\t\t\t\t\t<div class=\"elementor-column elementor-col-100 elementor-top-column elementor-element elementor-element-1932299f\" data-id=\"1932299f\" data-element_type=\"column\" data-e-type=\"column\">\n\t\t\t<div class=\"elementor-widget-wrap elementor-element-populated\">\n\t\t\t\t\t\t<div class=\"elementor-element elementor-element-22f03d3c elementor-widget elementor-widget-heading\" data-id=\"22f03d3c\" data-element_type=\"widget\" data-e-type=\"widget\" data-widget_type=\"heading.default\">\n\t\t\t\t<div class=\"elementor-widget-container\">\n\t\t\t\t\t<h1 class=\"elementor-heading-title elementor-size-default\">Descoper\u0103 ultimele noastre oferte <\/h1>\t\t\t\t<\/div>\n\t\t\t\t<\/div>\n\t\t\t\t\t<\/div>\n\t\t<\/div>\n\t\t\t\t\t<\/div>\n\t\t<\/section>\n\t\t\t\t<section class=\"elementor-section elementor-top-section elementor-element elementor-element-4ea29205 elementor-section-boxed elementor-section-height-default elementor-section-height-default\" data-id=\"4ea29205\" data-element_type=\"section\" data-e-type=\"section\" data-settings=\"{&quot;background_background&quot;:&quot;classic&quot;}\">\n\t\t\t\t\t\t\t<div class=\"elementor-background-overlay\"><\/div>\n\t\t\t\t\t\t\t<div class=\"elementor-container elementor-column-gap-no\">\n\t\t\t\t\t<div class=\"elementor-column elementor-col-100 elementor-top-column elementor-element elementor-element-72a9d8ef\" data-id=\"72a9d8ef\" data-element_type=\"column\" data-e-type=\"column\">\n\t\t\t<div class=\"elementor-widget-wrap elementor-element-populated\">\n\t\t\t\t\t\t<div class=\"elementor-element elementor-element-1da36c85 elementor-widget elementor-widget-shortcode\" data-id=\"1da36c85\" data-element_type=\"widget\" data-e-type=\"widget\" data-widget_type=\"shortcode.default\">\n\t\t\t\t<div class=\"elementor-widget-container\">\n\t\t\t\t\t\t\t<div class=\"elementor-shortcode\"><div class=\"woocommerce columns-3 \"><ul class=\"products columns-3\">\n<li class=\"desktop-align-left tablet-align-left mobile-align-left product type-product post-3289 status-publish first instock product_cat-componente-frigorifice product_cat-allproducts has-post-thumbnail sale taxable shipping-taxable purchasable product-type-simple\">\n\t<a href=\"https:\/\/deltasistemservice.com\/?product=compresor-scroll-zb15kqe-trifazic\" class=\"woocommerce-LoopProduct-link woocommerce-loop-product__link\">\n\t<span  class=\"onsale\" data-notification=\"default\">Sale!<\/span>\n\t<img decoding=\"async\" width=\"180\" height=\"170\" src=\"https:\/\/deltasistemservice.com\/wp-content\/uploads\/2024\/10\/download.jpeg\" class=\"attachment-woocommerce_thumbnail size-woocommerce_thumbnail\" alt=\"Compresor scroll ZB15KQE trifazic\" srcset=\"https:\/\/deltasistemservice.com\/wp-content\/uploads\/2024\/10\/download.jpeg 180w, https:\/\/deltasistemservice.com\/wp-content\/uploads\/2024\/10\/download-64x60.jpeg 64w\" sizes=\"(max-width: 180px) 100vw, 180px\" \/><h2 class=\"woocommerce-loop-product__title\">Compresor scroll ZB15KQE trifazic<\/h2><div class=\"archive-price-wrap\"\n\t<span class=\"price\"><del aria-hidden=\"true\"><span class=\"woocommerce-Price-amount amount\"><bdi>4,284.00<span class=\"woocommerce-Price-currencySymbol\">lei<\/span><\/bdi><\/span><\/del> <span class=\"screen-reader-text\">Pre\u021bul ini\u021bial a fost: 4,284.00lei.<\/span><ins aria-hidden=\"true\"><span class=\"woocommerce-Price-amount amount\"><bdi>4,069.08<span class=\"woocommerce-Price-currencySymbol\">lei<\/span><\/bdi><\/span><\/ins><span class=\"screen-reader-text\">Pre\u021bul curent este: 4,069.08lei.<\/span><\/span>\n<\/a><a href=\"\/index.php?rest_route=%2Fwp%2Fv2%2Fpages%2F1900&#038;add-to-cart=3289\" aria-describedby=\"woocommerce_loop_add_to_cart_link_describedby_3289\" data-quantity=\"1\" class=\"button product_type_simple add_to_cart_button ajax_add_to_cart\" data-product_id=\"3289\" data-product_sku=\"CZB15T\" aria-label=\"Adaug\u0103 \u00een co\u0219: &amp;lbquo;Compresor scroll ZB15KQE trifazic&rdquo;\" rel=\"nofollow\" data-success_message=\"&bdquo;Compresor scroll ZB15KQE trifazic&rdquo; a fost ad\u0103ugat \u00een co\u0219\" role=\"button\">Adaug\u0103 \u00een co\u0219<\/a>\t<span id=\"woocommerce_loop_add_to_cart_link_describedby_3289\" class=\"screen-reader-text\">\n\t\t\t<\/span>\n<\/div><\/li>\n<li class=\"desktop-align-left tablet-align-left mobile-align-left product type-product post-3287 status-publish instock product_cat-componente-frigorifice product_cat-allproducts has-post-thumbnail sale taxable shipping-taxable purchasable product-type-simple\">\n\t<a href=\"https:\/\/deltasistemservice.com\/?product=compresor-scroll-zb15kqe-monofazic\" class=\"woocommerce-LoopProduct-link woocommerce-loop-product__link\">\n\t<span  class=\"onsale\" data-notification=\"default\">Sale!<\/span>\n\t<img decoding=\"async\" width=\"180\" height=\"170\" src=\"https:\/\/deltasistemservice.com\/wp-content\/uploads\/2024\/10\/download.jpeg\" class=\"attachment-woocommerce_thumbnail size-woocommerce_thumbnail\" alt=\"Compresor scroll ZB15KQE monofazic\" srcset=\"https:\/\/deltasistemservice.com\/wp-content\/uploads\/2024\/10\/download.jpeg 180w, https:\/\/deltasistemservice.com\/wp-content\/uploads\/2024\/10\/download-64x60.jpeg 64w\" sizes=\"(max-width: 180px) 100vw, 180px\" \/><h2 class=\"woocommerce-loop-product__title\">Compresor scroll ZB15KQE monofazic<\/h2><div class=\"archive-price-wrap\"\n\t<span class=\"price\"><del aria-hidden=\"true\"><span class=\"woocommerce-Price-amount amount\"><bdi>4,284.00<span class=\"woocommerce-Price-currencySymbol\">lei<\/span><\/bdi><\/span><\/del> <span class=\"screen-reader-text\">Pre\u021bul ini\u021bial a fost: 4,284.00lei.<\/span><ins aria-hidden=\"true\"><span class=\"woocommerce-Price-amount amount\"><bdi>4,069.08<span class=\"woocommerce-Price-currencySymbol\">lei<\/span><\/bdi><\/span><\/ins><span class=\"screen-reader-text\">Pre\u021bul curent este: 4,069.08lei.<\/span><\/span>\n<\/a><a href=\"\/index.php?rest_route=%2Fwp%2Fv2%2Fpages%2F1900&#038;add-to-cart=3287\" aria-describedby=\"woocommerce_loop_add_to_cart_link_describedby_3287\" data-quantity=\"1\" class=\"button product_type_simple add_to_cart_button ajax_add_to_cart\" data-product_id=\"3287\" data-product_sku=\"CZB15M\" aria-label=\"Adaug\u0103 \u00een co\u0219: &amp;lbquo;Compresor scroll ZB15KQE monofazic&rdquo;\" rel=\"nofollow\" data-success_message=\"&bdquo;Compresor scroll ZB15KQE monofazic&rdquo; a fost ad\u0103ugat \u00een co\u0219\" role=\"button\">Adaug\u0103 \u00een co\u0219<\/a>\t<span id=\"woocommerce_loop_add_to_cart_link_describedby_3287\" class=\"screen-reader-text\">\n\t\t\t<\/span>\n<\/div><\/li>\n<li class=\"desktop-align-left tablet-align-left mobile-align-left product type-product post-3276 status-publish last instock product_cat-componente-frigorifice product_cat-allproducts has-post-thumbnail sale taxable shipping-taxable purchasable product-type-simple\">\n\t<a href=\"https:\/\/deltasistemservice.com\/?product=compresor-frigorific-cubigel-ms26fb\" class=\"woocommerce-LoopProduct-link woocommerce-loop-product__link\">\n\t<span  class=\"onsale\" data-notification=\"default\">Sale!<\/span>\n\t<img fetchpriority=\"high\" decoding=\"async\" width=\"300\" height=\"300\" src=\"https:\/\/deltasistemservice.com\/wp-content\/uploads\/2024\/09\/s-range2-300x300.png\" class=\"attachment-woocommerce_thumbnail size-woocommerce_thumbnail\" alt=\"Compresor frigorific Cubigel MS26FB\" srcset=\"https:\/\/deltasistemservice.com\/wp-content\/uploads\/2024\/09\/s-range2-300x300.png 300w, https:\/\/deltasistemservice.com\/wp-content\/uploads\/2024\/09\/s-range2-150x150.png 150w, https:\/\/deltasistemservice.com\/wp-content\/uploads\/2024\/09\/s-range2-100x100.png 100w, https:\/\/deltasistemservice.com\/wp-content\/uploads\/2024\/09\/s-range2-64x63.png 64w\" sizes=\"(max-width: 300px) 100vw, 300px\" \/><h2 class=\"woocommerce-loop-product__title\">Compresor frigorific Cubigel MS26FB<\/h2><div class=\"archive-price-wrap\"\n\t<span class=\"price\"><del aria-hidden=\"true\"><span class=\"woocommerce-Price-amount amount\"><bdi>1,804.00<span class=\"woocommerce-Price-currencySymbol\">lei<\/span><\/bdi><\/span><\/del> <span class=\"screen-reader-text\">Pre\u021bul ini\u021bial a fost: 1,804.00lei.<\/span><ins aria-hidden=\"true\"><span class=\"woocommerce-Price-amount amount\"><bdi>1,713.08<span class=\"woocommerce-Price-currencySymbol\">lei<\/span><\/bdi><\/span><\/ins><span class=\"screen-reader-text\">Pre\u021bul curent este: 1,713.08lei.<\/span><\/span>\n<\/a><a href=\"\/index.php?rest_route=%2Fwp%2Fv2%2Fpages%2F1900&#038;add-to-cart=3276\" aria-describedby=\"woocommerce_loop_add_to_cart_link_describedby_3276\" data-quantity=\"1\" class=\"button product_type_simple add_to_cart_button ajax_add_to_cart\" data-product_id=\"3276\" data-product_sku=\"MS26FB\" aria-label=\"Adaug\u0103 \u00een co\u0219: &amp;lbquo;Compresor frigorific Cubigel MS26FB&rdquo;\" rel=\"nofollow\" data-success_message=\"&bdquo;Compresor frigorific Cubigel MS26FB&rdquo; a fost ad\u0103ugat \u00een co\u0219\" role=\"button\">Adaug\u0103 \u00een co\u0219<\/a>\t<span id=\"woocommerce_loop_add_to_cart_link_describedby_3276\" class=\"screen-reader-text\">\n\t\t\t<\/span>\n<\/div><\/li>\n<li class=\"desktop-align-left tablet-align-left mobile-align-left product type-product post-3270 status-publish first instock product_cat-componente-frigorifice product_cat-allproducts has-post-thumbnail sale taxable shipping-taxable purchasable product-type-simple\">\n\t<a href=\"https:\/\/deltasistemservice.com\/?product=compresor-frigorific-cubigel-ms34fb\" class=\"woocommerce-LoopProduct-link woocommerce-loop-product__link\">\n\t<span  class=\"onsale\" data-notification=\"default\">Sale!<\/span>\n\t<img loading=\"lazy\" decoding=\"async\" width=\"300\" height=\"300\" src=\"https:\/\/deltasistemservice.com\/wp-content\/uploads\/2024\/09\/s-range2-300x300.png\" class=\"attachment-woocommerce_thumbnail size-woocommerce_thumbnail\" alt=\"Compresor frigorific Cubigel MS34FB\" srcset=\"https:\/\/deltasistemservice.com\/wp-content\/uploads\/2024\/09\/s-range2-300x300.png 300w, https:\/\/deltasistemservice.com\/wp-content\/uploads\/2024\/09\/s-range2-150x150.png 150w, https:\/\/deltasistemservice.com\/wp-content\/uploads\/2024\/09\/s-range2-100x100.png 100w, https:\/\/deltasistemservice.com\/wp-content\/uploads\/2024\/09\/s-range2-64x63.png 64w\" sizes=\"(max-width: 300px) 100vw, 300px\" \/><h2 class=\"woocommerce-loop-product__title\">Compresor frigorific Cubigel MS34FB<\/h2><div class=\"archive-price-wrap\"\n\t<span class=\"price\"><del aria-hidden=\"true\"><span class=\"woocommerce-Price-amount amount\"><bdi>2,070.60<span class=\"woocommerce-Price-currencySymbol\">lei<\/span><\/bdi><\/span><\/del> <span class=\"screen-reader-text\">Pre\u021bul ini\u021bial a fost: 2,070.60lei.<\/span><ins aria-hidden=\"true\"><span class=\"woocommerce-Price-amount amount\"><bdi>1,967.07<span class=\"woocommerce-Price-currencySymbol\">lei<\/span><\/bdi><\/span><\/ins><span class=\"screen-reader-text\">Pre\u021bul curent este: 1,967.07lei.<\/span><\/span>\n<\/a><a href=\"\/index.php?rest_route=%2Fwp%2Fv2%2Fpages%2F1900&#038;add-to-cart=3270\" aria-describedby=\"woocommerce_loop_add_to_cart_link_describedby_3270\" data-quantity=\"1\" class=\"button product_type_simple add_to_cart_button ajax_add_to_cart\" data-product_id=\"3270\" data-product_sku=\"MS34FB\" aria-label=\"Adaug\u0103 \u00een co\u0219: &amp;lbquo;Compresor frigorific Cubigel MS34FB&rdquo;\" rel=\"nofollow\" data-success_message=\"&bdquo;Compresor frigorific Cubigel MS34FB&rdquo; a fost ad\u0103ugat \u00een co\u0219\" role=\"button\">Adaug\u0103 \u00een co\u0219<\/a>\t<span id=\"woocommerce_loop_add_to_cart_link_describedby_3270\" class=\"screen-reader-text\">\n\t\t\t<\/span>\n<\/div><\/li>\n<\/ul>\n<\/div><\/div>\n\t\t\t\t\t\t<\/div>\n\t\t\t\t<\/div>\n\t\t\t\t\t<\/div>\n\t\t<\/div>\n\t\t\t\t\t<\/div>\n\t\t<\/section>\n\t\t\t\t<section class=\"elementor-section elementor-top-section elementor-element elementor-element-d74b687 elementor-section-height-min-height elementor-section-content-middle elementor-section-boxed elementor-section-height-default elementor-section-items-middle\" data-id=\"d74b687\" data-element_type=\"section\" data-e-type=\"section\" data-settings=\"{&quot;background_background&quot;:&quot;classic&quot;}\">\n\t\t\t\t\t\t\t<div class=\"elementor-background-overlay\"><\/div>\n\t\t\t\t\t\t\t<div class=\"elementor-container elementor-column-gap-no\">\n\t\t\t\t\t<div class=\"elementor-column elementor-col-100 elementor-top-column elementor-element elementor-element-3d684979\" data-id=\"3d684979\" data-element_type=\"column\" data-e-type=\"column\">\n\t\t\t<div class=\"elementor-widget-wrap elementor-element-populated\">\n\t\t\t\t\t\t<div class=\"elementor-element elementor-element-1fe39666 elementor-widget elementor-widget-heading\" data-id=\"1fe39666\" data-element_type=\"widget\" data-e-type=\"widget\" data-widget_type=\"heading.default\">\n\t\t\t\t<div class=\"elementor-widget-container\">\n\t\t\t\t\t<h1 class=\"elementor-heading-title elementor-size-default\">P\u0102STREAZ\u0102 ECHILIBRUL<\/h1>\t\t\t\t<\/div>\n\t\t\t\t<\/div>\n\t\t\t\t<div class=\"elementor-element elementor-element-7fee43d6 elementor-widget elementor-widget-text-editor\" data-id=\"7fee43d6\" data-element_type=\"widget\" data-e-type=\"widget\" data-widget_type=\"text-editor.default\">\n\t\t\t\t<div class=\"elementor-widget-container\">\n\t\t\t\t\t\t\t\t\t<p><strong>Lorem ipsum dolor sit amet, consectetur adipiscing elit. Ut elit tellus, luctus nec ullamcorper mattis, pulvinar dapibus leo.<\/strong><\/p>\t\t\t\t\t\t\t\t<\/div>\n\t\t\t\t<\/div>\n\t\t\t\t<div class=\"elementor-element elementor-element-3458dce0 elementor-align-center elementor-widget elementor-widget-button\" data-id=\"3458dce0\" data-element_type=\"widget\" data-e-type=\"widget\" data-widget_type=\"button.default\">\n\t\t\t\t<div class=\"elementor-widget-container\">\n\t\t\t\t\t\t\t\t\t<div class=\"elementor-button-wrapper\">\n\t\t\t\t\t<a class=\"elementor-button elementor-button-link elementor-size-md\" href=\"https:\/\/websitedemos.net\/plant-store-02\/store\/\">\n\t\t\t\t\t\t<span class=\"elementor-button-content-wrapper\">\n\t\t\t\t\t\t\t\t\t<span class=\"elementor-button-text\">cUMP\u0102R\u0102 ACUM<\/span>\n\t\t\t\t\t<\/span>\n\t\t\t\t\t<\/a>\n\t\t\t\t<\/div>\n\t\t\t\t\t\t\t\t<\/div>\n\t\t\t\t<\/div>\n\t\t\t\t\t<\/div>\n\t\t<\/div>\n\t\t\t\t\t<\/div>\n\t\t<\/section>\n\t\t\t\t<section class=\"elementor-section elementor-top-section elementor-element elementor-element-5ad3b68 elementor-section-boxed elementor-section-height-default elementor-section-height-default\" data-id=\"5ad3b68\" data-element_type=\"section\" data-e-type=\"section\">\n\t\t\t\t\t\t<div class=\"elementor-container elementor-column-gap-no\">\n\t\t\t\t\t<div class=\"elementor-column elementor-col-33 elementor-top-column elementor-element elementor-element-4ea28595\" data-id=\"4ea28595\" data-element_type=\"column\" data-e-type=\"column\">\n\t\t\t<div class=\"elementor-widget-wrap elementor-element-populated\">\n\t\t\t\t\t\t<div class=\"elementor-element elementor-element-343b5774 elementor-view-stacked elementor-position-inline-start elementor-widget__width-auto elementor-shape-circle elementor-mobile-position-block-start elementor-widget elementor-widget-icon-box\" data-id=\"343b5774\" data-element_type=\"widget\" data-e-type=\"widget\" data-widget_type=\"icon-box.default\">\n\t\t\t\t<div class=\"elementor-widget-container\">\n\t\t\t\t\t\t\t<div class=\"elementor-icon-box-wrapper\">\n\n\t\t\t\t\t\t<div class=\"elementor-icon-box-icon\">\n\t\t\t\t<span  class=\"elementor-icon\">\n\t\t\t\t<i aria-hidden=\"true\" class=\"far fa-check-circle\"><\/i>\t\t\t\t<\/span>\n\t\t\t<\/div>\n\t\t\t\n\t\t\t\t\t\t<div class=\"elementor-icon-box-content\">\n\n\t\t\t\t\t\t\t\t\t<h5 class=\"elementor-icon-box-title\">\n\t\t\t\t\t\t<span  >\n\t\t\t\t\t\t\tCalitate Premium\t\t\t\t\t\t<\/span>\n\t\t\t\t\t<\/h5>\n\t\t\t\t\n\t\t\t\t\t\t\t\t\t<p class=\"elementor-icon-box-description\">\n\t\t\t\t\t\tCea mai bun\u0103 investi\u021bie\t\t\t\t\t<\/p>\n\t\t\t\t\n\t\t\t<\/div>\n\t\t\t\n\t\t<\/div>\n\t\t\t\t\t\t<\/div>\n\t\t\t\t<\/div>\n\t\t\t\t\t<\/div>\n\t\t<\/div>\n\t\t\t\t<div class=\"elementor-column elementor-col-33 elementor-top-column elementor-element elementor-element-2c39c472\" data-id=\"2c39c472\" data-element_type=\"column\" data-e-type=\"column\">\n\t\t\t<div class=\"elementor-widget-wrap elementor-element-populated\">\n\t\t\t\t\t\t<div class=\"elementor-element elementor-element-3347d46e elementor-view-stacked elementor-position-inline-start elementor-widget__width-auto elementor-shape-circle elementor-mobile-position-block-start elementor-widget elementor-widget-icon-box\" data-id=\"3347d46e\" data-element_type=\"widget\" data-e-type=\"widget\" data-widget_type=\"icon-box.default\">\n\t\t\t\t<div class=\"elementor-widget-container\">\n\t\t\t\t\t\t\t<div class=\"elementor-icon-box-wrapper\">\n\n\t\t\t\t\t\t<div class=\"elementor-icon-box-icon\">\n\t\t\t\t<span  class=\"elementor-icon\">\n\t\t\t\t<i aria-hidden=\"true\" class=\"fas fa-shipping-fast\"><\/i>\t\t\t\t<\/span>\n\t\t\t<\/div>\n\t\t\t\n\t\t\t\t\t\t<div class=\"elementor-icon-box-content\">\n\n\t\t\t\t\t\t\t\t\t<h5 class=\"elementor-icon-box-title\">\n\t\t\t\t\t\t<span  >\n\t\t\t\t\t\t\tTransport gratuit\t\t\t\t\t\t<\/span>\n\t\t\t\t\t<\/h5>\n\t\t\t\t\n\t\t\t\t\t\t\t\t\t<p class=\"elementor-icon-box-description\">\n\t\t\t\t\t\tTransport gratuit la comenzi peste 300 de lei\t\t\t\t\t<\/p>\n\t\t\t\t\n\t\t\t<\/div>\n\t\t\t\n\t\t<\/div>\n\t\t\t\t\t\t<\/div>\n\t\t\t\t<\/div>\n\t\t\t\t\t<\/div>\n\t\t<\/div>\n\t\t\t\t<div class=\"elementor-column elementor-col-33 elementor-top-column elementor-element elementor-element-75f165da\" data-id=\"75f165da\" data-element_type=\"column\" data-e-type=\"column\">\n\t\t\t<div class=\"elementor-widget-wrap elementor-element-populated\">\n\t\t\t\t\t\t<div class=\"elementor-element elementor-element-47bf9d35 elementor-view-stacked elementor-position-inline-start elementor-widget__width-auto elementor-shape-circle elementor-mobile-position-block-start elementor-widget elementor-widget-icon-box\" data-id=\"47bf9d35\" data-element_type=\"widget\" data-e-type=\"widget\" data-widget_type=\"icon-box.default\">\n\t\t\t\t<div class=\"elementor-widget-container\">\n\t\t\t\t\t\t\t<div class=\"elementor-icon-box-wrapper\">\n\n\t\t\t\t\t\t<div class=\"elementor-icon-box-icon\">\n\t\t\t\t<span  class=\"elementor-icon\">\n\t\t\t\t<i aria-hidden=\"true\" class=\"fas fa-wrench\"><\/i>\t\t\t\t<\/span>\n\t\t\t<\/div>\n\t\t\t\n\t\t\t\t\t\t<div class=\"elementor-icon-box-content\">\n\n\t\t\t\t\t\t\t\t\t<h5 class=\"elementor-icon-box-title\">\n\t\t\t\t\t\t<span  >\n\t\t\t\t\t\t\tServicii rapide\t\t\t\t\t\t<\/span>\n\t\t\t\t\t<\/h5>\n\t\t\t\t\n\t\t\t\t\t\t\t\t\t<p class=\"elementor-icon-box-description\">\n\t\t\t\t\t\tR\u0103spuns prompt la urgen\u021bele dumneavoastr\u0103\t\t\t\t\t<\/p>\n\t\t\t\t\n\t\t\t<\/div>\n\t\t\t\n\t\t<\/div>\n\t\t\t\t\t\t<\/div>\n\t\t\t\t<\/div>\n\t\t\t\t\t<\/div>\n\t\t<\/div>\n\t\t\t\t\t<\/div>\n\t\t<\/section>\n\t\t\t\t<\/div>\n\t\t","protected":false},"excerpt":{"rendered":"<p>Descoper\u0103 ultimele noastre oferte P\u0102STREAZ\u0102 ECHILIBRUL Lorem ipsum dolor sit amet, consectetur adipiscing elit. Ut elit tellus, luctus nec ullamcorper mattis, pulvinar dapibus leo. cUMP\u0102R\u0102 ACUM Calitate Premium Cea mai bun\u0103 investi\u021bie Transport gratuit Transport gratuit la comenzi peste 300 de lei Servicii rapide R\u0103spuns prompt la urgen\u021bele dumneavoastr\u0103<\/p>\n","protected":false},"author":1,"featured_media":0,"parent":0,"menu_order":0,"comment_status":"closed","ping_status":"closed","template":"","meta":{"site-sidebar-layout":"no-sidebar","site-content-layout":"page-builder","ast-site-content-layout":"default","site-content-style":"default","site-sidebar-style":"default","ast-global-header-display":"","ast-banner-title-visibility":"","ast-main-header-display":"","ast-hfb-above-header-display":"","ast-hfb-below-header-display":"","ast-hfb-mobile-header-display":"","site-post-title":"disabled","ast-breadcrumbs-content":"","ast-featured-img":"disabled","footer-sml-layout":"","ast-disable-related-posts":"","theme-transparent-header-meta":"enabled","adv-header-id-meta":"","stick-header-meta":"","header-above-stick-meta":"","header-main-stick-meta":"","header-below-stick-meta":"","astra-migrate-meta-layouts":"default","ast-page-background-enabled":"default","ast-page-background-meta":{"desktop":{"background-color":"","background-image":"","background-repeat":"repeat","background-position":"center center","background-size":"auto","background-attachment":"scroll","background-type":"","background-media":"","overlay-type":"","overlay-color":"","overlay-opacity":"","overlay-gradient":""},"tablet":{"background-color":"","background-image":"","background-repeat":"repeat","background-position":"center center","background-size":"auto","background-attachment":"scroll","background-type":"","background-media":"","overlay-type":"","overlay-color":"","overlay-opacity":"","overlay-gradient":""},"mobile":{"background-color":"","background-image":"","background-repeat":"repeat","background-position":"center center","background-size":"auto","background-attachment":"scroll","background-type":"","background-media":"","overlay-type":"","overlay-color":"","overlay-opacity":"","overlay-gradient":""}},"ast-content-background-meta":{"desktop":{"background-color":"var(--ast-global-color-5)","background-image":"","background-repeat":"repeat","background-position":"center center","background-size":"auto","background-attachment":"scroll","background-type":"","background-media":"","overlay-type":"","overlay-color":"","overlay-opacity":"","overlay-gradient":""},"tablet":{"background-color":"var(--ast-global-color-5)","background-image":"","background-repeat":"repeat","background-position":"center center","background-size":"auto","background-attachment":"scroll","background-type":"","background-media":"","overlay-type":"","overlay-color":"","overlay-opacity":"","overlay-gradient":""},"mobile":{"background-color":"var(--ast-global-color-5)","background-image":"","background-repeat":"repeat","background-position":"center center","background-size":"auto","background-attachment":"scroll","background-type":"","background-media":"","overlay-type":"","overlay-color":"","overlay-opacity":"","overlay-gradient":""}},"_joinchat":[],"footnotes":""},"class_list":["post-1900","page","type-page","status-publish","hentry"],"jetpack_sharing_enabled":true,"_links":{"self":[{"href":"https:\/\/deltasistemservice.com\/index.php?rest_route=\/wp\/v2\/pages\/1900","targetHints":{"allow":["GET"]}}],"collection":[{"href":"https:\/\/deltasistemservice.com\/index.php?rest_route=\/wp\/v2\/pages"}],"about":[{"href":"https:\/\/deltasistemservice.com\/index.php?rest_route=\/wp\/v2\/types\/page"}],"author":[{"embeddable":true,"href":"https:\/\/deltasistemservice.com\/index.php?rest_route=\/wp\/v2\/users\/1"}],"replies":[{"embeddable":true,"href":"https:\/\/deltasistemservice.com\/index.php?rest_route=%2Fwp%2Fv2%2Fcomments&post=1900"}],"version-history":[{"count":50,"href":"https:\/\/deltasistemservice.com\/index.php?rest_route=\/wp\/v2\/pages\/1900\/revisions"}],"predecessor-version":[{"id":2814,"href":"https:\/\/deltasistemservice.com\/index.php?rest_route=\/wp\/v2\/pages\/1900\/revisions\/2814"}],"wp:attachment":[{"href":"https:\/\/deltasistemservice.com\/index.php?rest_route=%2Fwp%2Fv2%2Fmedia&parent=1900"}],"curies":[{"name":"wp","href":"https:\/\/api.w.org\/{rel}","templated":true}]}}